{"id":5934,"date":"2026-03-07T17:12:35","date_gmt":"2026-03-07T17:12:35","guid":{"rendered":"https:\/\/reatrasporti.swazienda.it\/?page_id=5934"},"modified":"2026-03-07T21:50:41","modified_gmt":"2026-03-07T21:50:41","slug":"flotta","status":"publish","type":"page","link":"https:\/\/reatrasporti.swazienda.it\/index.php\/flotta\/","title":{"rendered":"Flotta"},"content":{"rendered":"\t\t<div data-elementor-type=\"wp-page\" data-elementor-id=\"5934\" class=\"elementor elementor-5934\" data-elementor-post-type=\"page\">\n\t\t\t\t<div class=\"elementor-element elementor-element-acf4d6b e-con-full e-flex e-con e-parent\" data-id=\"acf4d6b\" data-element_type=\"container\" data-e-type=\"container\">\n\t\t\t\t<div class=\"elementor-element elementor-element-d4426ca elementor-widget elementor-widget-image\" data-id=\"d4426ca\" data-element_type=\"widget\" data-e-type=\"widget\" data-widget_type=\"image.default\">\n\t\t\t\t\t\t\t\t\t\t\t\t\t\t\t<img fetchpriority=\"high\" decoding=\"async\" width=\"1200\" height=\"520\" src=\"https:\/\/reatrasporti.swazienda.it\/wp-content\/uploads\/2026\/03\/3-1.png\" class=\"attachment-full size-full wp-image-6022\" alt=\"\" srcset=\"https:\/\/reatrasporti.swazienda.it\/wp-content\/uploads\/2026\/03\/3-1.png 1200w, https:\/\/reatrasporti.swazienda.it\/wp-content\/uploads\/2026\/03\/3-1-300x130.png 300w, https:\/\/reatrasporti.swazienda.it\/wp-content\/uploads\/2026\/03\/3-1-1024x444.png 1024w, https:\/\/reatrasporti.swazienda.it\/wp-content\/uploads\/2026\/03\/3-1-768x333.png 768w\" sizes=\"(max-width: 1200px) 100vw, 1200px\" \/>\t\t\t\t\t\t\t\t\t\t\t\t\t\t\t<\/div>\n\t\t\t\t<\/div>\n\t\t\t\t<section class=\"elementor-section elementor-top-section elementor-element elementor-element-dec68c1 elementor-section-content-middle elementor-section-boxed elementor-section-height-default elementor-section-height-default elementor-invisible\" data-id=\"dec68c1\" data-element_type=\"section\" data-e-type=\"section\" data-settings=\"{&quot;animation&quot;:&quot;fadeInUp&quot;}\">\n\t\t\t\t\t\t\t<div class=\"elementor-background-overlay\"><\/div>\n\t\t\t\t\t\t\t<div class=\"elementor-container elementor-column-gap-wider\">\n\t\t\t\t\t<div class=\"elementor-column elementor-col-50 elementor-top-column elementor-element elementor-element-52343a5\" data-id=\"52343a5\" data-element_type=\"column\" data-e-type=\"column\">\n\t\t\t<div class=\"elementor-widget-wrap elementor-element-populated\">\n\t\t\t\t\t\t<div class=\"elementor-element elementor-element-58a025e elementor-widget elementor-widget-heading\" data-id=\"58a025e\" data-element_type=\"widget\" data-e-type=\"widget\" data-widget_type=\"heading.default\">\n\t\t\t\t\t<h3 class=\"elementor-heading-title elementor-size-default\">La flotta veicolare<\/h3>\t\t\t\t<\/div>\n\t\t\t\t\t<\/div>\n\t\t<\/div>\n\t\t\t\t<div class=\"elementor-column elementor-col-50 elementor-top-column elementor-element elementor-element-1739185\" data-id=\"1739185\" data-element_type=\"column\" data-e-type=\"column\">\n\t\t\t<div class=\"elementor-widget-wrap\">\n\t\t\t\t\t\t\t<\/div>\n\t\t<\/div>\n\t\t\t\t\t<\/div>\n\t\t<\/section>\n\t\t\t\t<section class=\"elementor-section elementor-top-section elementor-element elementor-element-ec6b5d1 elementor-section-boxed elementor-section-height-default elementor-section-height-default elementor-invisible\" data-id=\"ec6b5d1\" data-element_type=\"section\" data-e-type=\"section\" data-settings=\"{&quot;animation&quot;:&quot;slideInLeft&quot;}\">\n\t\t\t\t\t\t<div class=\"elementor-container elementor-column-gap-wider\">\n\t\t\t\t\t<div class=\"elementor-column elementor-col-50 elementor-top-column elementor-element elementor-element-4a01ed9\" data-id=\"4a01ed9\" data-element_type=\"column\" data-e-type=\"column\">\n\t\t\t<div class=\"elementor-widget-wrap elementor-element-populated\">\n\t\t\t\t\t\t<div class=\"elementor-element elementor-element-50db0df elementor-widget elementor-widget-text-editor\" data-id=\"50db0df\" data-element_type=\"widget\" data-e-type=\"widget\" data-widget_type=\"text-editor.default\">\n\t\t\t\t\t\t\t\t\t<p><span style=\"color: #000000;\">Siamo muniti di un parco macchine eterogeneo, composto da:<\/span><\/p><ul><li><span style=\"color: #000000;\">Autocarri (centinati, di varia portata)<\/span><\/li><li><span style=\"color: #000000;\">Autocarri (cassonati con Gru di varia portata)<\/span><\/li><li><span style=\"color: #000000;\">Trattori (muniti di semirimorchi o per trazione di cisterne)<\/span><\/li><li><span style=\"color: #000000;\">Automezzi furgonati muniti di sponde idrauliche<\/span><\/li><li><span style=\"color: #000000;\">Semirimorchi cassonati o centinati.<\/span><\/li><\/ul><p><span style=\"color: #000000;\">Gli automezzi sono tutti muniti di A.D.R. per le Classi:<\/span><\/p><p><span style=\"color: #000000;\">2 &#8211; 3 &#8211; 4.1 &#8211; 4.2 &#8211; 4.3 &#8211; 5 &#8211; 5.1 &#8211; 6 &#8211; 6.1 &#8211; 6.2 &#8211; 8 &#8211; 9.<\/span><\/p><p><span style=\"color: #000000;\">Siamo sempre alla ricerca sul mercato di dispositivi atti a garantire la sicurezza del lavoratore.<\/span><\/p>\t\t\t\t\t\t\t\t<\/div>\n\t\t\t\t\t<\/div>\n\t\t<\/div>\n\t\t\t\t<div class=\"elementor-column elementor-col-50 elementor-top-column elementor-element elementor-element-0b9f793\" data-id=\"0b9f793\" data-element_type=\"column\" data-e-type=\"column\">\n\t\t\t<div class=\"elementor-widget-wrap elementor-element-populated\">\n\t\t\t\t\t\t<div class=\"elementor-element elementor-element-3855721 elementor-widget__width-initial elementor-widget elementor-widget-image\" data-id=\"3855721\" data-element_type=\"widget\" data-e-type=\"widget\" data-widget_type=\"image.default\">\n\t\t\t\t\t\t\t\t\t\t\t\t\t\t\t<img decoding=\"async\" width=\"960\" height=\"720\" src=\"https:\/\/reatrasporti.swazienda.it\/wp-content\/uploads\/2026\/03\/flotta01.jpg\" class=\"attachment-full size-full wp-image-5937\" alt=\"\" srcset=\"https:\/\/reatrasporti.swazienda.it\/wp-content\/uploads\/2026\/03\/flotta01.jpg 960w, https:\/\/reatrasporti.swazienda.it\/wp-content\/uploads\/2026\/03\/flotta01-300x225.jpg 300w, https:\/\/reatrasporti.swazienda.it\/wp-content\/uploads\/2026\/03\/flotta01-768x576.jpg 768w\" sizes=\"(max-width: 960px) 100vw, 960px\" \/>\t\t\t\t\t\t\t\t\t\t\t\t\t\t\t<\/div>\n\t\t\t\t\t<\/div>\n\t\t<\/div>\n\t\t\t\t\t<\/div>\n\t\t<\/section>\n\t\t\t\t<section class=\"elementor-section elementor-top-section elementor-element elementor-element-b182c4b elementor-section-stretched elementor-section-full_width elementor-section-height-default elementor-section-height-default\" data-id=\"b182c4b\" data-element_type=\"section\" data-e-type=\"section\" data-settings=\"{&quot;stretch_section&quot;:&quot;section-stretched&quot;}\">\n\t\t\t\t\t\t<div class=\"elementor-container elementor-column-gap-no\">\n\t\t\t\t\t<div class=\"elementor-column elementor-col-100 elementor-top-column elementor-element elementor-element-8fd27fc\" data-id=\"8fd27fc\" data-element_type=\"column\" data-e-type=\"column\">\n\t\t\t<div class=\"elementor-widget-wrap elementor-element-populated\">\n\t\t\t\t\t\t<div class=\"elementor-element elementor-element-cf18b5e elementor-widget-divider--separator-type-pattern elementor-widget-divider--view-line elementor-widget elementor-widget-divider\" data-id=\"cf18b5e\" data-element_type=\"widget\" data-e-type=\"widget\" data-widget_type=\"divider.default\">\n\t\t\t\t\t\t\t<div class=\"elementor-divider\" style=\"--divider-pattern-url: url(&quot;data:image\/svg+xml,%3Csvg xmlns=&#039;http:\/\/www.w3.org\/2000\/svg&#039; preserveAspectRatio=&#039;none&#039; overflow=&#039;visible&#039; height=&#039;100%&#039; viewBox=&#039;0 0 20 16&#039; fill=&#039;none&#039; stroke=&#039;black&#039; stroke-width=&#039;3&#039; stroke-linecap=&#039;square&#039; stroke-miterlimit=&#039;10&#039;%3E%3Cg transform=&#039;translate(-12.000000, 0)&#039;%3E%3Cpath d=&#039;M28,0L10,18&#039;\/%3E%3Cpath d=&#039;M18,0L0,18&#039;\/%3E%3Cpath d=&#039;M48,0L30,18&#039;\/%3E%3Cpath d=&#039;M38,0L20,18&#039;\/%3E%3C\/g%3E%3C\/svg%3E&quot;);\">\n\t\t\t<span class=\"elementor-divider-separator\">\n\t\t\t\t\t\t<\/span>\n\t\t<\/div>\n\t\t\t\t\t\t<\/div>\n\t\t\t\t\t<\/div>\n\t\t<\/div>\n\t\t\t\t\t<\/div>\n\t\t<\/section>\n\t\t\t\t<section class=\"elementor-section elementor-top-section elementor-element elementor-element-cbf5b44 elementor-section-boxed elementor-section-height-default elementor-section-height-default elementor-invisible\" data-id=\"cbf5b44\" data-element_type=\"section\" data-e-type=\"section\" data-settings=\"{&quot;background_background&quot;:&quot;gradient&quot;,&quot;animation&quot;:&quot;slideInRight&quot;}\">\n\t\t\t\t\t\t<div class=\"elementor-container elementor-column-gap-wider\">\n\t\t\t\t\t<div class=\"elementor-column elementor-col-50 elementor-top-column elementor-element elementor-element-c0968f1\" data-id=\"c0968f1\" data-element_type=\"column\" data-e-type=\"column\">\n\t\t\t<div class=\"elementor-widget-wrap elementor-element-populated\">\n\t\t\t\t\t\t<div class=\"elementor-element elementor-element-48f3ff6 elementor-widget__width-initial elementor-widget elementor-widget-image\" data-id=\"48f3ff6\" data-element_type=\"widget\" data-e-type=\"widget\" data-widget_type=\"image.default\">\n\t\t\t\t\t\t\t\t\t\t\t\t\t\t\t<img decoding=\"async\" width=\"1599\" height=\"1200\" src=\"https:\/\/reatrasporti.swazienda.it\/wp-content\/uploads\/2026\/03\/flotta-2.jpeg\" class=\"attachment-full size-full wp-image-5938\" alt=\"\" srcset=\"https:\/\/reatrasporti.swazienda.it\/wp-content\/uploads\/2026\/03\/flotta-2.jpeg 1599w, https:\/\/reatrasporti.swazienda.it\/wp-content\/uploads\/2026\/03\/flotta-2-300x225.jpeg 300w, https:\/\/reatrasporti.swazienda.it\/wp-content\/uploads\/2026\/03\/flotta-2-1024x768.jpeg 1024w, https:\/\/reatrasporti.swazienda.it\/wp-content\/uploads\/2026\/03\/flotta-2-768x576.jpeg 768w, https:\/\/reatrasporti.swazienda.it\/wp-content\/uploads\/2026\/03\/flotta-2-1536x1153.jpeg 1536w\" sizes=\"(max-width: 1599px) 100vw, 1599px\" \/>\t\t\t\t\t\t\t\t\t\t\t\t\t\t\t<\/div>\n\t\t\t\t\t<\/div>\n\t\t<\/div>\n\t\t\t\t<div class=\"elementor-column elementor-col-50 elementor-top-column elementor-element elementor-element-6523ae5\" data-id=\"6523ae5\" data-element_type=\"column\" data-e-type=\"column\">\n\t\t\t<div class=\"elementor-widget-wrap elementor-element-populated\">\n\t\t\t\t\t\t<div class=\"elementor-element elementor-element-f4323ff elementor-widget__width-initial elementor-widget elementor-widget-text-editor\" data-id=\"f4323ff\" data-element_type=\"widget\" data-e-type=\"widget\" data-widget_type=\"text-editor.default\">\n\t\t\t\t\t\t\t\t\t<p><span style=\"color: #000000;\">Tra i nostri servizi figurano, per esempio, operazioni di scarico anche con bracci idraulici e sponde idrauliche che vanno ad innalzare il coefficiente di pericolosit\u00e0 in modo esponenziale, pertanto ogni miglioria che possa assistere l\u2019operatore \u00e8 presa in esame da noi sempre con grande attenzione.<\/span><\/p><p><span style=\"color: #000000;\">La nostra mission cerca di spingerci sempre oltre la nostra comfort-zone, cos\u00ec un altro aspetto sul quale abbiamo posto particolare attenzione \u00e8 l\u2019immagine dell\u2019azienda sul territorio.<\/span><\/p><p><span style=\"color: #000000;\">Ed \u00e8 perseguendo questa linea di pensiero che gi\u00e0 nell\u2019anno 2019 \u00e8 stata completamente rinnovata la flotta veicolare con automezzi Euro 6 di ultima generazione e ad energia alternativa che ci permettessero di abbattere del 50% le emissioni di CO2, o addirittura del 100%.<\/span><\/p>\t\t\t\t\t\t\t\t<\/div>\n\t\t\t\t\t<\/div>\n\t\t<\/div>\n\t\t\t\t\t<\/div>\n\t\t<\/section>\n\t\t\t\t<section class=\"elementor-section elementor-top-section elementor-element elementor-element-ac115a9 elementor-section-stretched elementor-section-full_width elementor-section-height-default elementor-section-height-default\" data-id=\"ac115a9\" data-element_type=\"section\" data-e-type=\"section\" data-settings=\"{&quot;stretch_section&quot;:&quot;section-stretched&quot;}\">\n\t\t\t\t\t\t<div class=\"elementor-container elementor-column-gap-no\">\n\t\t\t\t\t<div class=\"elementor-column elementor-col-100 elementor-top-column elementor-element elementor-element-0b1e5f6\" data-id=\"0b1e5f6\" data-element_type=\"column\" data-e-type=\"column\">\n\t\t\t<div class=\"elementor-widget-wrap elementor-element-populated\">\n\t\t\t\t\t\t<div class=\"elementor-element elementor-element-eb9dcd1 elementor-widget-divider--separator-type-pattern elementor-widget-divider--view-line elementor-widget elementor-widget-divider\" data-id=\"eb9dcd1\" data-element_type=\"widget\" data-e-type=\"widget\" data-widget_type=\"divider.default\">\n\t\t\t\t\t\t\t<div class=\"elementor-divider\" style=\"--divider-pattern-url: url(&quot;data:image\/svg+xml,%3Csvg xmlns=&#039;http:\/\/www.w3.org\/2000\/svg&#039; preserveAspectRatio=&#039;none&#039; overflow=&#039;visible&#039; height=&#039;100%&#039; viewBox=&#039;0 0 20 16&#039; fill=&#039;none&#039; stroke=&#039;black&#039; stroke-width=&#039;3&#039; stroke-linecap=&#039;square&#039; stroke-miterlimit=&#039;10&#039;%3E%3Cg transform=&#039;translate(-12.000000, 0)&#039;%3E%3Cpath d=&#039;M28,0L10,18&#039;\/%3E%3Cpath d=&#039;M18,0L0,18&#039;\/%3E%3Cpath d=&#039;M48,0L30,18&#039;\/%3E%3Cpath d=&#039;M38,0L20,18&#039;\/%3E%3C\/g%3E%3C\/svg%3E&quot;);\">\n\t\t\t<span class=\"elementor-divider-separator\">\n\t\t\t\t\t\t<\/span>\n\t\t<\/div>\n\t\t\t\t\t\t<\/div>\n\t\t\t\t\t<\/div>\n\t\t<\/div>\n\t\t\t\t\t<\/div>\n\t\t<\/section>\n\t\t\t\t<section class=\"elementor-section elementor-top-section elementor-element elementor-element-7bb67d7 elementor-section-content-middle elementor-section-boxed elementor-section-height-default elementor-section-height-default elementor-invisible\" data-id=\"7bb67d7\" data-element_type=\"section\" data-e-type=\"section\" data-settings=\"{&quot;animation&quot;:&quot;lightSpeedIn&quot;}\">\n\t\t\t\t\t\t\t<div class=\"elementor-background-overlay\"><\/div>\n\t\t\t\t\t\t\t<div class=\"elementor-container elementor-column-gap-wider\">\n\t\t\t\t\t<div class=\"elementor-column elementor-col-50 elementor-top-column elementor-element elementor-element-b9db48e\" data-id=\"b9db48e\" data-element_type=\"column\" data-e-type=\"column\">\n\t\t\t<div class=\"elementor-widget-wrap elementor-element-populated\">\n\t\t\t\t\t\t<div class=\"elementor-element elementor-element-4e8b23b elementor-widget elementor-widget-heading\" data-id=\"4e8b23b\" data-element_type=\"widget\" data-e-type=\"widget\" data-widget_type=\"heading.default\">\n\t\t\t\t\t<h3 class=\"elementor-heading-title elementor-size-default\">Trasporto in cisterna\n<\/h3>\t\t\t\t<\/div>\n\t\t\t\t\t<\/div>\n\t\t<\/div>\n\t\t\t\t<div class=\"elementor-column elementor-col-50 elementor-top-column elementor-element elementor-element-4c773f5\" data-id=\"4c773f5\" data-element_type=\"column\" data-e-type=\"column\">\n\t\t\t<div class=\"elementor-widget-wrap\">\n\t\t\t\t\t\t\t<\/div>\n\t\t<\/div>\n\t\t\t\t\t<\/div>\n\t\t<\/section>\n\t\t\t\t<section class=\"elementor-section elementor-top-section elementor-element elementor-element-f0cb300 elementor-section-boxed elementor-section-height-default elementor-section-height-default elementor-invisible\" data-id=\"f0cb300\" data-element_type=\"section\" data-e-type=\"section\" data-settings=\"{&quot;animation&quot;:&quot;bounceInLeft&quot;}\">\n\t\t\t\t\t\t<div class=\"elementor-container elementor-column-gap-wider\">\n\t\t\t\t\t<div class=\"elementor-column elementor-col-50 elementor-top-column elementor-element elementor-element-8aae904\" data-id=\"8aae904\" data-element_type=\"column\" data-e-type=\"column\">\n\t\t\t<div class=\"elementor-widget-wrap elementor-element-populated\">\n\t\t\t\t\t\t<div class=\"elementor-element elementor-element-d9749b8 elementor-widget__width-initial elementor-widget elementor-widget-text-editor\" data-id=\"d9749b8\" data-element_type=\"widget\" data-e-type=\"widget\" data-widget_type=\"text-editor.default\">\n\t\t\t\t\t\t\t\t\t<p><span style=\"color: #000000;\">\u00a0\u00a0\u00a0\u00a0\u00a0 Dopo oltre vent\u2019anni di esperienza nel settore del trasporto di gas in bombole, la ns societ\u00e0 ha stretto accordi con varie committenze che le hanno permesso di addentrarsi nel campo del trasporto di liquidi criogenici refrigerati in cisterne. Pi\u00f9 precisamente, nel 2014 \u00e8 stato messo in campo il primo trattore stradale in aggancio ad una cisterna, cisterna in questo caso adibita al trasporto di <em>anidride carbonica liquida refrigerata<\/em> (Numero ONU <strong>2187<\/strong>).<\/span><\/p><p><span style=\"color: #000000;\">La proattivit\u00e0 aziendale, il sapersi adattare con la massima scrupolosit\u00e0 ed attenzione alle pi\u00f9 disparate situazioni che l\u2019operativit\u00e0 richiede, i continui processi di formazione ed aggiornamento a cui sottoponiamo i ns autisti, ci hanno permesso di balzare all\u2019occhio delle committenze e conseguentemente di espandere a macchia d\u2019olio la presenza di Rea Trasporti nel settore.<\/span><\/p>\t\t\t\t\t\t\t\t<\/div>\n\t\t\t\t\t<\/div>\n\t\t<\/div>\n\t\t\t\t<div class=\"elementor-column elementor-col-50 elementor-top-column elementor-element elementor-element-972fc39\" data-id=\"972fc39\" data-element_type=\"column\" data-e-type=\"column\">\n\t\t\t<div class=\"elementor-widget-wrap elementor-element-populated\">\n\t\t\t\t\t\t<div class=\"elementor-element elementor-element-2162dcb elementor-widget__width-initial elementor-widget elementor-widget-image\" data-id=\"2162dcb\" data-element_type=\"widget\" data-e-type=\"widget\" data-widget_type=\"image.default\">\n\t\t\t\t\t\t\t\t\t\t\t\t\t\t\t<img loading=\"lazy\" decoding=\"async\" width=\"768\" height=\"576\" src=\"https:\/\/reatrasporti.swazienda.it\/wp-content\/uploads\/2026\/03\/flotta-768x576-1.jpg\" class=\"attachment-full size-full wp-image-5986\" alt=\"\" srcset=\"https:\/\/reatrasporti.swazienda.it\/wp-content\/uploads\/2026\/03\/flotta-768x576-1.jpg 768w, https:\/\/reatrasporti.swazienda.it\/wp-content\/uploads\/2026\/03\/flotta-768x576-1-300x225.jpg 300w\" sizes=\"(max-width: 768px) 100vw, 768px\" \/>\t\t\t\t\t\t\t\t\t\t\t\t\t\t\t<\/div>\n\t\t\t\t\t<\/div>\n\t\t<\/div>\n\t\t\t\t\t<\/div>\n\t\t<\/section>\n\t\t<div class=\"elementor-element elementor-element-c67c829 e-flex e-con-boxed elementor-invisible e-con e-parent\" data-id=\"c67c829\" data-element_type=\"container\" data-e-type=\"container\" data-settings=\"{&quot;animation&quot;:&quot;bounceInLeft&quot;}\">\n\t\t\t\t\t<div class=\"e-con-inner\">\n\t\t\t\t<div class=\"elementor-element elementor-element-0158cef elementor-widget elementor-widget-text-editor\" data-id=\"0158cef\" data-element_type=\"widget\" data-e-type=\"widget\" data-widget_type=\"text-editor.default\">\n\t\t\t\t\t\t\t\t\t<p><span style=\"color: #000000;\">La societ\u00e0, grazie ai punti di forza sopraelencati, non si \u00e8 fatta trovare impreparata dinanzi alla crescente diversit\u00e0 del servizio richiesto dai clienti, soddisfacendone le richieste, ottenendo cos\u00ec un impiego in progressivo aumento nelle suddette aree operative:<\/span><\/p><ul><li><span style=\"color: #000000;\">Trasporto di <em>anidride carbonica liquida refrigerata <\/em>(Numero ONU <strong>2187<\/strong>)<\/span><\/li><li><span style=\"color: #000000;\">Trasporto di <em>ossigeno liquido refrigerato<\/em> (Numero ONU <strong>1073<\/strong>)<\/span><\/li><li><span style=\"color: #000000;\">Trasporto di <em>azoto liquido refrigerato<\/em> (Numero ONU <strong>1977<\/strong>)<\/span><\/li><\/ul><p><span style=\"color: #000000;\">L\u2019incremento di richieste da parte dei clienti ha portato ad una crescita della ns flotta veicolare. Dalle prime operazioni effettuate nel 2014, precisamente su Bari, l\u2019impresa pu\u00f2 quindi vantare al giorno d\u2019oggi la propria presenza in gran parte della penisola, con decine di mezzi impiegati in <em>Campania, Puglia <\/em>e <em>Sicilia<\/em> per il versante Sud, <em>Lazio<\/em> ed <em>Abruzzo<\/em> per il centro Italia ed infine <em>Lombardia<\/em> e <em>Piemonte<\/em> sul fronte Nord.<\/span><\/p>\t\t\t\t\t\t\t\t<\/div>\n\t\t\t\t\t<\/div>\n\t\t\t\t<\/div>\n\t\t<div class=\"elementor-element elementor-element-07b8ca3 e-flex e-con-boxed e-con e-parent\" data-id=\"07b8ca3\" data-element_type=\"container\" data-e-type=\"container\">\n\t\t\t\t\t<div class=\"e-con-inner\">\n\t\t\t\t<div class=\"elementor-element elementor-element-09c5a7a elementor-widget elementor-widget-spacer\" data-id=\"09c5a7a\" data-element_type=\"widget\" data-e-type=\"widget\" data-widget_type=\"spacer.default\">\n\t\t\t\t\t\t\t<div class=\"elementor-spacer\">\n\t\t\t<div class=\"elementor-spacer-inner\"><\/div>\n\t\t<\/div>\n\t\t\t\t\t\t<\/div>\n\t\t\t\t\t<\/div>\n\t\t\t\t<\/div>\n\t\t\t\t<\/div>\n\t\t","protected":false},"excerpt":{"rendered":"<p>La flotta veicolare Siamo muniti di un parco macchine eterogeneo, composto da: Autocarri (centinati, di varia portata) Autocarri (cassonati con Gru di varia portata) Trattori (muniti di semirimorchi o per trazione di cisterne) Automezzi furgonati muniti di sponde idrauliche Semirimorchi cassonati o centinati. Gli automezzi sono tutti muniti di A.D.R. per le Classi: 2 &#8211;&hellip;<\/p>\n","protected":false},"author":1,"featured_media":0,"parent":0,"menu_order":20,"comment_status":"closed","ping_status":"closed","template":"","meta":{"footnotes":""},"class_list":["post-5934","page","type-page","status-publish","hentry"],"_links":{"self":[{"href":"https:\/\/reatrasporti.swazienda.it\/index.php\/wp-json\/wp\/v2\/pages\/5934","targetHints":{"allow":["GET"]}}],"collection":[{"href":"https:\/\/reatrasporti.swazienda.it\/index.php\/wp-json\/wp\/v2\/pages"}],"about":[{"href":"https:\/\/reatrasporti.swazienda.it\/index.php\/wp-json\/wp\/v2\/types\/page"}],"author":[{"embeddable":true,"href":"https:\/\/reatrasporti.swazienda.it\/index.php\/wp-json\/wp\/v2\/users\/1"}],"replies":[{"embeddable":true,"href":"https:\/\/reatrasporti.swazienda.it\/index.php\/wp-json\/wp\/v2\/comments?post=5934"}],"version-history":[{"count":25,"href":"https:\/\/reatrasporti.swazienda.it\/index.php\/wp-json\/wp\/v2\/pages\/5934\/revisions"}],"predecessor-version":[{"id":6037,"href":"https:\/\/reatrasporti.swazienda.it\/index.php\/wp-json\/wp\/v2\/pages\/5934\/revisions\/6037"}],"wp:attachment":[{"href":"https:\/\/reatrasporti.swazienda.it\/index.php\/wp-json\/wp\/v2\/media?parent=5934"}],"curies":[{"name":"wp","href":"https:\/\/api.w.org\/{rel}","templated":true}]}}