{"id":5919,"date":"2026-03-07T17:00:02","date_gmt":"2026-03-07T17:00:02","guid":{"rendered":"https:\/\/reatrasporti.swazienda.it\/?page_id=5919"},"modified":"2026-03-07T21:36:41","modified_gmt":"2026-03-07T21:36:41","slug":"azienda","status":"publish","type":"page","link":"https:\/\/reatrasporti.swazienda.it\/index.php\/azienda\/","title":{"rendered":"Azienda"},"content":{"rendered":"\t\t<div data-elementor-type=\"wp-page\" data-elementor-id=\"5919\" class=\"elementor elementor-5919\" data-elementor-post-type=\"page\">\n\t\t\t\t<div class=\"elementor-element elementor-element-8ae84e7 e-con-full e-flex e-con e-parent\" data-id=\"8ae84e7\" data-element_type=\"container\" data-e-type=\"container\">\n\t\t\t\t<div class=\"elementor-element elementor-element-410380a elementor-widget elementor-widget-image\" data-id=\"410380a\" data-element_type=\"widget\" data-e-type=\"widget\" data-widget_type=\"image.default\">\n\t\t\t\t\t\t\t\t\t\t\t\t\t\t\t<img fetchpriority=\"high\" decoding=\"async\" width=\"1900\" height=\"580\" src=\"https:\/\/reatrasporti.swazienda.it\/wp-content\/uploads\/2026\/03\/header-azienda2-1.jpg\" class=\"attachment-full size-full wp-image-5921\" alt=\"\" srcset=\"https:\/\/reatrasporti.swazienda.it\/wp-content\/uploads\/2026\/03\/header-azienda2-1.jpg 1900w, https:\/\/reatrasporti.swazienda.it\/wp-content\/uploads\/2026\/03\/header-azienda2-1-300x92.jpg 300w, https:\/\/reatrasporti.swazienda.it\/wp-content\/uploads\/2026\/03\/header-azienda2-1-1024x313.jpg 1024w, https:\/\/reatrasporti.swazienda.it\/wp-content\/uploads\/2026\/03\/header-azienda2-1-768x234.jpg 768w, https:\/\/reatrasporti.swazienda.it\/wp-content\/uploads\/2026\/03\/header-azienda2-1-1536x469.jpg 1536w\" sizes=\"(max-width: 1900px) 100vw, 1900px\" \/>\t\t\t\t\t\t\t\t\t\t\t\t\t\t\t<\/div>\n\t\t\t\t<\/div>\n\t\t\t\t<section class=\"elementor-section elementor-top-section elementor-element elementor-element-dec68c1 elementor-section-content-middle elementor-section-boxed elementor-section-height-default elementor-section-height-default elementor-invisible\" data-id=\"dec68c1\" data-element_type=\"section\" data-e-type=\"section\" data-settings=\"{&quot;animation&quot;:&quot;zoomInUp&quot;}\">\n\t\t\t\t\t\t\t<div class=\"elementor-background-overlay\"><\/div>\n\t\t\t\t\t\t\t<div class=\"elementor-container elementor-column-gap-wider\">\n\t\t\t\t\t<div class=\"elementor-column elementor-col-50 elementor-top-column elementor-element elementor-element-52343a5\" data-id=\"52343a5\" data-element_type=\"column\" data-e-type=\"column\">\n\t\t\t<div class=\"elementor-widget-wrap elementor-element-populated\">\n\t\t\t\t\t\t<div class=\"elementor-element elementor-element-58a025e elementor-widget elementor-widget-heading\" data-id=\"58a025e\" data-element_type=\"widget\" data-e-type=\"widget\" data-widget_type=\"heading.default\">\n\t\t\t\t\t<h3 class=\"elementor-heading-title elementor-size-default\">Chi siamo<\/h3>\t\t\t\t<\/div>\n\t\t\t\t\t<\/div>\n\t\t<\/div>\n\t\t\t\t<div class=\"elementor-column elementor-col-50 elementor-top-column elementor-element elementor-element-1739185\" data-id=\"1739185\" data-element_type=\"column\" data-e-type=\"column\">\n\t\t\t<div class=\"elementor-widget-wrap elementor-element-populated\">\n\t\t\t\t\t\t<div class=\"elementor-element elementor-element-f0ed419 elementor-widget__width-auto elementor-widget elementor-widget-heading\" data-id=\"f0ed419\" data-element_type=\"widget\" data-e-type=\"widget\" data-widget_type=\"heading.default\">\n\t\t\t\t\t<h3 class=\"elementor-heading-title elementor-size-default\">Una storia lunga\n350.000.000 di Km<\/h3>\t\t\t\t<\/div>\n\t\t\t\t\t<\/div>\n\t\t<\/div>\n\t\t\t\t\t<\/div>\n\t\t<\/section>\n\t\t\t\t<section class=\"elementor-section elementor-top-section elementor-element elementor-element-ec6b5d1 elementor-section-boxed elementor-section-height-default elementor-section-height-default elementor-invisible\" data-id=\"ec6b5d1\" data-element_type=\"section\" data-e-type=\"section\" data-settings=\"{&quot;animation&quot;:&quot;slideInLeft&quot;}\">\n\t\t\t\t\t\t<div class=\"elementor-container elementor-column-gap-wider\">\n\t\t\t\t\t<div class=\"elementor-column elementor-col-50 elementor-top-column elementor-element elementor-element-4a01ed9\" data-id=\"4a01ed9\" data-element_type=\"column\" data-e-type=\"column\">\n\t\t\t<div class=\"elementor-widget-wrap elementor-element-populated\">\n\t\t\t\t\t\t<div class=\"elementor-element elementor-element-50db0df elementor-widget elementor-widget-text-editor\" data-id=\"50db0df\" data-element_type=\"widget\" data-e-type=\"widget\" data-widget_type=\"text-editor.default\">\n\t\t\t\t\t\t\t\t\t<p style=\"text-align: left;\"><span style=\"color: #000000;\"><strong>La Rea Trasporti S.r.l.<\/strong>, nasce come Ditta Individuale nel 1985 dalla perseveranza e dalle capacit\u00e0 di Rea Angelo, affiancato nel tempo dal figlio Raffaele nella carica di amministratore e legale rappresentante, ha assunto la forma e la consistenza attuale. Oggi \u00e8 una solida S.r.l. operante in tutto il territorio nazionale tramite diverse unit\u00e0 operative dislocate dalla Sicilia sino alla Lombardia, con diversi punti tra i quali Bari e San Salvo per l\u2019area adriatica, Casalnuovo di Napoli dove \u00e8 anche la sede legale, Pompei, Anagni e Pomezia per il centro Italia ed infine sul versante Nord in Lombardia con Cernusco sul Naviglio, Novara e Verona per Piemonte e Veneto.<\/span><\/p><p><span style=\"color: #000000;\">Ogni unit\u00e0 dispone di un parcheggio per gli automezzi destinato alla cura dei veicoli, come lavaggio e manutenzione.<\/span><\/p>\t\t\t\t\t\t\t\t<\/div>\n\t\t\t\t\t<\/div>\n\t\t<\/div>\n\t\t\t\t<div class=\"elementor-column elementor-col-50 elementor-top-column elementor-element elementor-element-0b9f793\" data-id=\"0b9f793\" data-element_type=\"column\" data-e-type=\"column\" data-settings=\"{&quot;background_background&quot;:&quot;classic&quot;}\">\n\t\t\t<div class=\"elementor-widget-wrap elementor-element-populated\">\n\t\t\t\t\t\t<div class=\"elementor-element elementor-element-3855721 elementor-widget__width-initial elementor-widget elementor-widget-image\" data-id=\"3855721\" data-element_type=\"widget\" data-e-type=\"widget\" data-widget_type=\"image.default\">\n\t\t\t\t\t\t\t\t\t\t\t\t\t\t\t<img decoding=\"async\" width=\"640\" height=\"463\" src=\"https:\/\/reatrasporti.swazienda.it\/wp-content\/uploads\/2026\/03\/aziendaN.jpg\" class=\"attachment-full size-full wp-image-5930\" alt=\"\" srcset=\"https:\/\/reatrasporti.swazienda.it\/wp-content\/uploads\/2026\/03\/aziendaN.jpg 640w, https:\/\/reatrasporti.swazienda.it\/wp-content\/uploads\/2026\/03\/aziendaN-300x217.jpg 300w\" sizes=\"(max-width: 640px) 100vw, 640px\" \/>\t\t\t\t\t\t\t\t\t\t\t\t\t\t\t<\/div>\n\t\t\t\t\t<\/div>\n\t\t<\/div>\n\t\t\t\t\t<\/div>\n\t\t<\/section>\n\t\t\t\t<section class=\"elementor-section elementor-top-section elementor-element elementor-element-b182c4b elementor-section-stretched elementor-section-full_width elementor-section-height-default elementor-section-height-default\" data-id=\"b182c4b\" data-element_type=\"section\" data-e-type=\"section\" data-settings=\"{&quot;stretch_section&quot;:&quot;section-stretched&quot;}\">\n\t\t\t\t\t\t<div class=\"elementor-container elementor-column-gap-no\">\n\t\t\t\t\t<div class=\"elementor-column elementor-col-100 elementor-top-column elementor-element elementor-element-8fd27fc\" data-id=\"8fd27fc\" data-element_type=\"column\" data-e-type=\"column\">\n\t\t\t<div class=\"elementor-widget-wrap elementor-element-populated\">\n\t\t\t\t\t\t<div class=\"elementor-element elementor-element-cf18b5e elementor-widget-divider--separator-type-pattern elementor-widget-divider--view-line elementor-widget elementor-widget-divider\" data-id=\"cf18b5e\" data-element_type=\"widget\" data-e-type=\"widget\" data-widget_type=\"divider.default\">\n\t\t\t\t\t\t\t<div class=\"elementor-divider\" style=\"--divider-pattern-url: url(&quot;data:image\/svg+xml,%3Csvg xmlns=&#039;http:\/\/www.w3.org\/2000\/svg&#039; preserveAspectRatio=&#039;none&#039; overflow=&#039;visible&#039; height=&#039;100%&#039; viewBox=&#039;0 0 20 16&#039; fill=&#039;none&#039; stroke=&#039;black&#039; stroke-width=&#039;3&#039; stroke-linecap=&#039;square&#039; stroke-miterlimit=&#039;10&#039;%3E%3Cg transform=&#039;translate(-12.000000, 0)&#039;%3E%3Cpath d=&#039;M28,0L10,18&#039;\/%3E%3Cpath d=&#039;M18,0L0,18&#039;\/%3E%3Cpath d=&#039;M48,0L30,18&#039;\/%3E%3Cpath d=&#039;M38,0L20,18&#039;\/%3E%3C\/g%3E%3C\/svg%3E&quot;);\">\n\t\t\t<span class=\"elementor-divider-separator\">\n\t\t\t\t\t\t<\/span>\n\t\t<\/div>\n\t\t\t\t\t\t<\/div>\n\t\t\t\t\t<\/div>\n\t\t<\/div>\n\t\t\t\t\t<\/div>\n\t\t<\/section>\n\t\t\t\t<section class=\"elementor-section elementor-top-section elementor-element elementor-element-cbf5b44 elementor-section-boxed elementor-section-height-default elementor-section-height-default elementor-invisible\" data-id=\"cbf5b44\" data-element_type=\"section\" data-e-type=\"section\" data-settings=\"{&quot;animation&quot;:&quot;slideInRight&quot;}\">\n\t\t\t\t\t\t<div class=\"elementor-container elementor-column-gap-wider\">\n\t\t\t\t\t<div class=\"elementor-column elementor-col-50 elementor-top-column elementor-element elementor-element-c0968f1\" data-id=\"c0968f1\" data-element_type=\"column\" data-e-type=\"column\">\n\t\t\t<div class=\"elementor-widget-wrap elementor-element-populated\">\n\t\t\t\t\t\t<div class=\"elementor-element elementor-element-48f3ff6 elementor-widget__width-initial elementor-widget elementor-widget-image\" data-id=\"48f3ff6\" data-element_type=\"widget\" data-e-type=\"widget\" data-widget_type=\"image.default\">\n\t\t\t\t\t\t\t\t\t\t\t\t\t\t\t<img decoding=\"async\" width=\"840\" height=\"586\" src=\"https:\/\/reatrasporti.swazienda.it\/wp-content\/uploads\/2026\/03\/unnamed-1.jpg\" class=\"attachment-full size-full wp-image-5929\" alt=\"\" srcset=\"https:\/\/reatrasporti.swazienda.it\/wp-content\/uploads\/2026\/03\/unnamed-1.jpg 840w, https:\/\/reatrasporti.swazienda.it\/wp-content\/uploads\/2026\/03\/unnamed-1-300x209.jpg 300w, https:\/\/reatrasporti.swazienda.it\/wp-content\/uploads\/2026\/03\/unnamed-1-768x536.jpg 768w\" sizes=\"(max-width: 840px) 100vw, 840px\" \/>\t\t\t\t\t\t\t\t\t\t\t\t\t\t\t<\/div>\n\t\t\t\t\t<\/div>\n\t\t<\/div>\n\t\t\t\t<div class=\"elementor-column elementor-col-50 elementor-top-column elementor-element elementor-element-6523ae5\" data-id=\"6523ae5\" data-element_type=\"column\" data-e-type=\"column\">\n\t\t\t<div class=\"elementor-widget-wrap elementor-element-populated\">\n\t\t\t\t\t\t<div class=\"elementor-element elementor-element-f4323ff elementor-widget__width-initial elementor-widget elementor-widget-text-editor\" data-id=\"f4323ff\" data-element_type=\"widget\" data-e-type=\"widget\" data-widget_type=\"text-editor.default\">\n\t\t\t\t\t\t\t\t\t<p><span style=\"color: #000000;\">Operiamo nel campo dei gas industriali e medicali, trasportando gas liquefatti e gas compressi, sia in cisterna che in colli, tutte merci appartenenti alla classe 2 dell\u2019ADR destinati al settore siderurgico, chimico, energetico, elettronico, automobilistico, alimentare e delle scienze biologiche. Con un mercato sempre pi\u00f9 ampio ed esigente, la societ\u00e0 si adegua perfettamente alle nuove proposte ed opportunit\u00e0 nell\u2019ambito dei Trasporti di Gas Tecnici, Medicali e Tossici al quale vengono forniti personale e mezzi altamente qualificati sempre nel rispetto delle normative di legge. I<\/span><span style=\"color: #000000;\">&nbsp;nostri punti di forza sono quelli di rendere il servizio sempre pi\u00f9 rapido, flessibile e con un alto grado di professionalit\u00e0.<br><\/span><span style=\"background-color: rgba(255, 255, 255, 0); color: rgb(0, 0, 0); word-spacing: normal;\">Il nostro lavoro si svolge in condizioni particolari perch\u00e9 particolari sono tutte le attivit\u00e0 che gli gravitano intorno e pertanto \u00e8 considerato conditio sine qua non avere personale altamente specializzato e costantemente aggiornato via formazione, sulla pericolosit\u00e0 della merce trasportata ma soprattutto sulle azioni preventive di sicurezza e gestione efficace delle situazioni di probabile pericolo, in modo da avere dei processi di qualit\u00e0 e sicurezza a prova d\u2019urto.<\/span><\/p>\t\t\t\t\t\t\t\t<\/div>\n\t\t\t\t\t<\/div>\n\t\t<\/div>\n\t\t\t\t\t<\/div>\n\t\t<\/section>\n\t\t<div class=\"elementor-element elementor-element-a844367 e-flex e-con-boxed e-con e-parent\" data-id=\"a844367\" data-element_type=\"container\" data-e-type=\"container\">\n\t\t\t\t\t<div class=\"e-con-inner\">\n\t\t\t\t<div class=\"elementor-element elementor-element-f6dac82 elementor-widget__width-inherit elementor-align-justify elementor-widget elementor-widget-the7_button_widget\" data-id=\"f6dac82\" data-element_type=\"widget\" data-e-type=\"widget\" data-widget_type=\"the7_button_widget.default\">\n\t\t\t\t<div class=\"elementor-widget-container\">\n\t\t\t\t\t<div class=\"elementor-button-wrapper\"><a href=\"https:\/\/reatrasporti.swazienda.it\/index.php\/contact\/\" target=\"_blank\" class=\"box-button elementor-button elementor-size-lg\">Richiedi informazioni<\/a><\/div>\t\t\t\t<\/div>\n\t\t\t\t<\/div>\n\t\t\t\t\t<\/div>\n\t\t\t\t<\/div>\n\t\t<div class=\"elementor-element elementor-element-bd60272 e-flex e-con-boxed e-con e-parent\" data-id=\"bd60272\" data-element_type=\"container\" data-e-type=\"container\">\n\t\t\t\t\t<div class=\"e-con-inner\">\n\t\t\t\t<div class=\"elementor-element elementor-element-b74c90c elementor-widget elementor-widget-spacer\" data-id=\"b74c90c\" data-element_type=\"widget\" data-e-type=\"widget\" data-widget_type=\"spacer.default\">\n\t\t\t\t\t\t\t<div class=\"elementor-spacer\">\n\t\t\t<div class=\"elementor-spacer-inner\"><\/div>\n\t\t<\/div>\n\t\t\t\t\t\t<\/div>\n\t\t\t\t\t<\/div>\n\t\t\t\t<\/div>\n\t\t\t\t<\/div>\n\t\t","protected":false},"excerpt":{"rendered":"<p>Chi siamo Una storia lunga 350.000.000 di Km La Rea Trasporti S.r.l., nasce come Ditta Individuale nel 1985 dalla perseveranza e dalle capacit\u00e0 di Rea Angelo, affiancato nel tempo dal figlio Raffaele nella carica di amministratore e legale rappresentante, ha assunto la forma e la consistenza attuale. Oggi \u00e8 una solida S.r.l. operante in tutto&hellip;<\/p>\n","protected":false},"author":1,"featured_media":0,"parent":0,"menu_order":20,"comment_status":"closed","ping_status":"closed","template":"","meta":{"footnotes":""},"class_list":["post-5919","page","type-page","status-publish","hentry"],"_links":{"self":[{"href":"https:\/\/reatrasporti.swazienda.it\/index.php\/wp-json\/wp\/v2\/pages\/5919","targetHints":{"allow":["GET"]}}],"collection":[{"href":"https:\/\/reatrasporti.swazienda.it\/index.php\/wp-json\/wp\/v2\/pages"}],"about":[{"href":"https:\/\/reatrasporti.swazienda.it\/index.php\/wp-json\/wp\/v2\/types\/page"}],"author":[{"embeddable":true,"href":"https:\/\/reatrasporti.swazienda.it\/index.php\/wp-json\/wp\/v2\/users\/1"}],"replies":[{"embeddable":true,"href":"https:\/\/reatrasporti.swazienda.it\/index.php\/wp-json\/wp\/v2\/comments?post=5919"}],"version-history":[{"count":34,"href":"https:\/\/reatrasporti.swazienda.it\/index.php\/wp-json\/wp\/v2\/pages\/5919\/revisions"}],"predecessor-version":[{"id":6020,"href":"https:\/\/reatrasporti.swazienda.it\/index.php\/wp-json\/wp\/v2\/pages\/5919\/revisions\/6020"}],"wp:attachment":[{"href":"https:\/\/reatrasporti.swazienda.it\/index.php\/wp-json\/wp\/v2\/media?parent=5919"}],"curies":[{"name":"wp","href":"https:\/\/api.w.org\/{rel}","templated":true}]}}